{"id":1423,"date":"2022-07-03T23:08:08","date_gmt":"2022-07-03T23:08:08","guid":{"rendered":"http:\/\/abcar.com.ec\/?page_id=1423"},"modified":"2022-10-25T15:19:41","modified_gmt":"2022-10-25T20:19:41","slug":"cotizacion","status":"publish","type":"page","link":"https:\/\/abcar.com.ec\/index.php\/cotizacion\/","title":{"rendered":"Cotizacion"},"content":{"rendered":"<p>[et_pb_section fb_built=\u00bb1&#8243; admin_label=\u00bbSection Title\u00bb module_id=\u00bbContacto\u00bb _builder_version=\u00bb4.18.0&#8243; _module_preset=\u00bbdefault\u00bb min_height=\u00bb1vh\u00bb custom_margin=\u00bb1vh||1vh||false|false\u00bb custom_margin_tablet=\u00bb||-2vh||false|false\u00bb custom_margin_phone=\u00bb||1vh||false|false\u00bb custom_margin_last_edited=\u00bbon|phone\u00bb custom_padding=\u00bb0px||0px|||\u00bb link_option_url=\u00bbContacto\u00bb locked=\u00bboff\u00bb global_colors_info=\u00bb{}\u00bb background_color=\u00bb#eaeaf1&#8243; use_background_color_gradient=\u00bbon\u00bb background_color_gradient_direction=\u00bb110deg\u00bb background_color_gradient_stops=\u00bb#eaeaf1 86%|#f71635 86%\u00bb background_color_gradient_start=\u00bb#eaeaf1&#8243; background_color_gradient_start_position=\u00bb86%\u00bb background_color_gradient_end=\u00bb#f71635&#8243; background_color_gradient_end_position=\u00bb0%\u00bb border_width_all=\u00bb1px\u00bb border_color_all=\u00bb#E02B20&#8243; hover_enabled=\u00bb0&#8243; sticky_enabled=\u00bb0&#8243;][et_pb_row _builder_version=\u00bb4.17.4&#8243; _module_preset=\u00bbdefault\u00bb custom_padding=\u00bb||3px|||\u00bb global_colors_info=\u00bb{}\u00bb][et_pb_column type=\u00bb4_4&#8243; _builder_version=\u00bb4.16&#8243; _module_preset=\u00bbdefault\u00bb custom_padding=\u00bb|||\u00bb global_colors_info=\u00bb{}\u00bb custom_padding__hover=\u00bb|||\u00bb][et_pb_text module_id=\u00bbrepuestos\u00bb _builder_version=\u00bb4.17.4&#8243; _module_preset=\u00bbdefault\u00bb header_font=\u00bb||||||||\u00bb header_2_font=\u00bbKhand|700||on|||||\u00bb header_2_font_size=\u00bb40px\u00bb header_2_line_height=\u00bb1.2em\u00bb max_width=\u00bb400px\u00bb custom_margin=\u00bb||1px|||\u00bb custom_margin_tablet=\u00bb0px|||10vw\u00bb custom_margin_phone=\u00bb|||5vw|false|false\u00bb custom_margin_last_edited=\u00bbon|phone\u00bb header_2_font_size_tablet=\u00bb40px\u00bb header_2_font_size_phone=\u00bb30px\u00bb header_2_font_size_last_edited=\u00bbon|desktop\u00bb global_colors_info=\u00bb{}\u00bb]<\/p>\n<h2>Busqueda Repuesto<\/h2>\n<p>[\/et_pb_text][\/et_pb_column][\/et_pb_row][\/et_pb_section][et_pb_section fb_built=\u00bb1&#8243; _builder_version=\u00bb4.17.4&#8243; _module_preset=\u00bbdefault\u00bb custom_padding=\u00bb19px|||||\u00bb global_colors_info=\u00bb{}\u00bb][et_pb_row _builder_version=\u00bb4.17.4&#8243; _module_preset=\u00bbdefault\u00bb custom_padding=\u00bb||0px|||\u00bb global_colors_info=\u00bb{}\u00bb][et_pb_column type=\u00bb4_4&#8243; _builder_version=\u00bb4.17.4&#8243; _module_preset=\u00bbdefault\u00bb global_colors_info=\u00bb{}\u00bb][et_pb_text _builder_version=\u00bb4.17.4&#8243; _module_preset=\u00bbdefault\u00bb global_colors_info=\u00bb{}\u00bb]<\/p>\n<p>Apreciado Cliente, si no encuentra el repuesto que busca, complete el siguiente formulario y nuestro personal buscar\u00e1 su solicitud.<\/p>\n<p><span class=\"titulonav\"><strong>Instrucciones:<\/strong><\/span><\/p>\n<ol>\n<li>Diligencie todos los campos<\/li>\n<li>Haga clic en el bot\u00f3n ENVIAR DATOS para enviar la informaci\u00f3n<\/li>\n<li>En el campo \u201cDescripci\u00f3n Repuesto Solicitado\u201d, escriba el lado al que corresponde \u2013 (Izquierdo, Derecho, Delantero, Trasero).<\/li>\n<li>Si conoce la Referencia, por favor escr\u00edbala.<\/li>\n<\/ol>\n<p>[\/et_pb_text][et_pb_text _builder_version=\u00bb4.17.4&#8243; _module_preset=\u00bbdefault\u00bb text_font_size=\u00bb12px\u00bb custom_padding=\u00bb||2vh||false|false\u00bb custom_padding_tablet=\u00bb||2vh||false|false\u00bb custom_padding_phone=\u00bb||2vh||false|false\u00bb custom_padding_last_edited=\u00bbon|desktop\u00bb global_colors_info=\u00bb{}\u00bb]<\/p>\n<p><strong>FORMULARIO SOLICITUD COTIZACI\u00d3N \/ PEDIDO<\/strong><\/p>\n<p>[\/et_pb_text][\/et_pb_column][\/et_pb_row][et_pb_row _builder_version=\u00bb4.17.4&#8243; _module_preset=\u00bbdefault\u00bb custom_padding=\u00bb1px|||||\u00bb global_colors_info=\u00bb{}\u00bb][et_pb_column type=\u00bb4_4&#8243; _builder_version=\u00bb4.17.4&#8243; _module_preset=\u00bbdefault\u00bb global_colors_info=\u00bb{}\u00bb][et_pb_code _builder_version=\u00bb4.17.4&#8243; _module_preset=\u00bbdefault\u00bb global_colors_info=\u00bb{}\u00bb]<p class=\"wpcf7-contact-form-not-found\"><strong>Error:<\/strong> Formulario de contacto no encontrado.<\/p>[\/et_pb_code][\/et_pb_column][\/et_pb_row][\/et_pb_section]<\/p>\n","protected":false},"excerpt":{"rendered":"<p>Busqueda RepuestoApreciado Cliente, si no encuentra el repuesto que busca, complete el siguiente formulario y nuestro personal buscar\u00e1 su solicitud. Instrucciones: Diligencie todos los campos Haga clic en el bot\u00f3n ENVIAR DATOS para enviar la informaci\u00f3n En el campo \u201cDescripci\u00f3n Repuesto Solicitado\u201d, escriba el lado al que corresponde \u2013 (Izquierdo, Derecho, Delantero, Trasero). Si conoce [&hellip;]<\/p>\n","protected":false},"author":1,"featured_media":0,"parent":0,"menu_order":0,"comment_status":"closed","ping_status":"closed","template":"","meta":{"_et_pb_use_builder":"on","_et_pb_old_content":"","_et_gb_content_width":"","footnotes":""},"class_list":["post-1423","page","type-page","status-publish","hentry"],"jetpack_sharing_enabled":true,"_links":{"self":[{"href":"https:\/\/abcar.com.ec\/index.php\/wp-json\/wp\/v2\/pages\/1423"}],"collection":[{"href":"https:\/\/abcar.com.ec\/index.php\/wp-json\/wp\/v2\/pages"}],"about":[{"href":"https:\/\/abcar.com.ec\/index.php\/wp-json\/wp\/v2\/types\/page"}],"author":[{"embeddable":true,"href":"https:\/\/abcar.com.ec\/index.php\/wp-json\/wp\/v2\/users\/1"}],"replies":[{"embeddable":true,"href":"https:\/\/abcar.com.ec\/index.php\/wp-json\/wp\/v2\/comments?post=1423"}],"version-history":[{"count":21,"href":"https:\/\/abcar.com.ec\/index.php\/wp-json\/wp\/v2\/pages\/1423\/revisions"}],"predecessor-version":[{"id":1891,"href":"https:\/\/abcar.com.ec\/index.php\/wp-json\/wp\/v2\/pages\/1423\/revisions\/1891"}],"wp:attachment":[{"href":"https:\/\/abcar.com.ec\/index.php\/wp-json\/wp\/v2\/media?parent=1423"}],"curies":[{"name":"wp","href":"https:\/\/api.w.org\/{rel}","templated":true}]}}